{"id":47,"date":"2015-02-10T12:19:19","date_gmt":"2015-02-10T11:19:19","guid":{"rendered":"http:\/\/festiwal.ifps.org.pl\/rejestracja-2\/"},"modified":"2016-07-13T10:11:51","modified_gmt":"2016-07-13T08:11:51","slug":"participants","status":"publish","type":"page","link":"https:\/\/festiwal.ifps.org.pl\/en\/participants\/","title":{"rendered":"Participants"},"content":{"rendered":"<div style=\"max-width: 50%; box-sizing: border-box; float: left; padding-right: 30px;\"><strong>Participants qualified for the final concert:<\/strong><br \/>\nLang CHENG, Chiny<br \/>\nMinzhuo (Shirley) GAO, Chiny  <br \/> <br \/>\nBogdan LIASHENKO, Ukraina<br \/>\nNikita MILUTIN, Rosja  <br \/> <br \/>\nJohn REDDEN, Kanada<br \/>\nDavide SANTACOLOMBA, W\u0142ochy<br \/>\nNurbol SEYDULLA, Kazachstan <br \/> <br \/>\nAigerim TUTOVA, Kazachstan<br \/>\nXiaoyan WEI, Chiny    <br \/> <br \/>\nDaria W\u0141ADZI\u0143SKA, Polska<\/div>\n<div style=\"max-width: 50%; box-sizing: border-box; float: right;\">\n<strong>Participants who have been qualified to auditions on 12 July 2016<\/strong><\/p>\n<p>Hillary Albrecht, Ada Atabay, Jana Beneito Molina, Darina Bobrovnitckaya, Nicole Daniela Centanaro Erazo, Lang Chen, Wendy Cheng, Salome Dagundaridze, Minzhuo Gao, Kara Goldrick, Gabriel Alejandro Gonzalez Lopez, Thomas M. Haase, Thomas K\u00fcnzl, Nikita Milutin, Aruzhan Nareshova, Malika Nugieva, Blue O&#8217;Connell, Diana Prikhodko, Gabriela Pru\u017eincov\u00e1, John Redden, Marina Rudakova, Davide Santacolomba, Josephine Seifert, Ceyda Selvi, Nurbol Seydulla, Mil\u00e1n Szente, Aigerim Tutova, Gabriel Wagner, Lena Wagner, Xiaoyan Wei, Daria W\u0142adzi\u0144ska, Bogdan Yatsenko, Peter Jan Rijpkema<\/p>\n<div>\n","protected":false},"excerpt":{"rendered":"<p>Participants qualified for the final concert: Lang CHENG, Chiny Minzhuo (Shirley) GAO, Chiny Bogdan LIASHENKO, Ukraina Nikita MILUTIN, Rosja John REDDEN, Kanada Davide SANTACOLOMBA, W\u0142ochy Nurbol SEYDULLA, Kazachstan Aigerim TUTOVA, Kazachstan Xiaoyan WEI, Chiny Daria W\u0141ADZI\u0143SKA, Polska Participants who have been qualified to auditions on 12 July 2016 Hillary Albrecht, Ada Atabay, Jana Beneito Molina, <\/p>\n","protected":false},"author":8,"featured_media":0,"parent":0,"menu_order":3,"comment_status":"closed","ping_status":"closed","template":"","meta":{"om_disable_all_campaigns":false,"footnotes":""},"class_list":["post-47","page","type-page","status-publish","hentry"],"aioseo_notices":[],"_links":{"self":[{"href":"https:\/\/festiwal.ifps.org.pl\/en\/wp-json\/wp\/v2\/pages\/47"}],"collection":[{"href":"https:\/\/festiwal.ifps.org.pl\/en\/wp-json\/wp\/v2\/pages"}],"about":[{"href":"https:\/\/festiwal.ifps.org.pl\/en\/wp-json\/wp\/v2\/types\/page"}],"author":[{"embeddable":true,"href":"https:\/\/festiwal.ifps.org.pl\/en\/wp-json\/wp\/v2\/users\/8"}],"replies":[{"embeddable":true,"href":"https:\/\/festiwal.ifps.org.pl\/en\/wp-json\/wp\/v2\/comments?post=47"}],"version-history":[{"count":2,"href":"https:\/\/festiwal.ifps.org.pl\/en\/wp-json\/wp\/v2\/pages\/47\/revisions"}],"predecessor-version":[{"id":2363,"href":"https:\/\/festiwal.ifps.org.pl\/en\/wp-json\/wp\/v2\/pages\/47\/revisions\/2363"}],"wp:attachment":[{"href":"https:\/\/festiwal.ifps.org.pl\/en\/wp-json\/wp\/v2\/media?parent=47"}],"curies":[{"name":"wp","href":"https:\/\/api.w.org\/{rel}","templated":true}]}}