{"id":5622,"date":"2020-09-11T13:54:00","date_gmt":"2020-09-11T11:54:00","guid":{"rendered":"https:\/\/festiwal.ifps.org.pl\/?page_id=5622"},"modified":"2024-03-22T13:57:09","modified_gmt":"2024-03-22T12:57:09","slug":"deklaracja-dostepnosci","status":"publish","type":"page","link":"https:\/\/festiwal.ifps.org.pl\/en\/deklaracja-dostepnosci\/","title":{"rendered":"Deklaracja dost\u0119pno\u015bci"},"content":{"rendered":"\n<p>Instytut Fizjologii i Patologii S\u0142uchu &nbsp;zobowi\u0105zuje si\u0119 zapewni\u0107 dost\u0119pno\u015b\u0107 swojej strony internetowej zgodnie z ustaw\u0105 z dnia 4 kwietnia 2019 r. o dost\u0119pno\u015bci cyfrowej stron internetowych i aplikacji mobilnych podmiot\u00f3w publicznych. O\u015bwiadczenie w sprawie dost\u0119pno\u015bci ma zastosowanie do <a href=\"https:\/\/festiwal.ifps.org.pl\/\">https:\/\/festiwal.ifps.org.pl\/<\/a><\/p>\n\n\n\n<p>Data publikacji strony internetowej: 2015-02-22<br>Data ostatniej istotnej aktualizacji: 2024-03-20<\/p>\n\n\n\n<p>Strona internetowa jest <strong>cz\u0119\u015bciowo zgodna<\/strong> z ustaw\u0105 z dnia 4 kwietnia 2019 r. o dost\u0119pno\u015bci cyfrowej stron internetowych i aplikacji mobilnych podmiot\u00f3w publicznych z powodu niezgodno\u015bci lub wy\u0142\u0105cze\u0144 wymienionych poni\u017cej:<\/p>\n\n\n\n<ul class=\"wp-block-list\">\n<li>nie wszystkie filmy posiadaj\u0105 napisy dla os\u00f3b g\u0142uchych,<\/li>\n\n\n\n<li>cz\u0119\u015b\u0107 plik\u00f3w nie jest dost\u0119pnych cyfrowo<\/li>\n<\/ul>\n\n\n\n<p><strong>Wy\u0142\u0105czenia:<\/strong><\/p>\n\n\n\n<ul class=\"wp-block-list\">\n<li>filmy zosta\u0142y opublikowane przed wej\u015bciem w \u017cycie ustawy o dost\u0119pno\u015bci cyfrowej<\/li>\n\n\n\n<li>multimedia nadawane na \u017cywo<\/li>\n<\/ul>\n\n\n\n<p><strong>Przygotowanie deklaracji w&nbsp;sprawie dost\u0119pno\u015bci<\/strong><\/p>\n\n\n\n<ul class=\"wp-block-list\">\n<li>O\u015bwiadczenie sporz\u0105dzono dnia: <strong>11.09.2020<\/strong><\/li>\n\n\n\n<li>Deklaracja zosta\u0142a ostatnio poddana przegl\u0105dowi i aktualizacji dnia: <strong>20.03.2024<\/strong><\/li>\n\n\n\n<li>Deklaracj\u0119 sporz\u0105dzono na podstawie samooceny przeprowadzonej przez podmiot publiczny.<\/li>\n<\/ul>\n\n\n\n<p>Na stronie internetowej mo\u017cna korzysta\u0107 ze standardowych skr\u00f3t\u00f3w klawiaturowych.<\/p>\n\n\n\n<h3 class=\"wp-block-heading\">Informacje zwrotne i dane kontaktowe<\/h3>\n\n\n\n<p>W przypadku problem\u00f3w z dost\u0119pno\u015bci\u0105 strony internetowej prosimy o kontakt. Osob\u0105 kontaktow\u0105 jest Andrzej Kuca, <a href=\"mailto:multimedia@ifps.org.pl\">multimedia@ifps.org.pl<\/a>. Kontaktowa\u0107 mo\u017cna si\u0119 tak\u017ce dzwoni\u0105c na numer telefonu 22\/ 3560390. T\u0105 sam\u0105 drog\u0105 mo\u017cna sk\u0142ada\u0107 wnioski o udost\u0119pnienie informacji niedost\u0119pnej oraz sk\u0142ada\u0107 \u017c\u0105dania zapewnienia dost\u0119pno\u015bci.<\/p>\n\n\n\n<p>Ka\u017cdy ma prawo do wyst\u0105pienia z \u017c\u0105daniem zapewnienia dost\u0119pno\u015bci cyfrowej strony internetowej, aplikacji mobilnej lub jakiego\u015b ich elementu. Mo\u017cna tak\u017ce za\u017c\u0105da\u0107 udost\u0119pnienia informacji za pomoc\u0105 alternatywnego sposobu dost\u0119pu, na przyk\u0142ad przez odczytanie niedost\u0119pnego cyfrowo dokumentu, opisanie zawarto\u015bci filmu bez audiodeskrypcji itp. \u017b\u0105danie powinno zawiera\u0107 dane osoby zg\u0142aszaj\u0105cej \u017c\u0105danie, wskazanie, o kt\u00f3r\u0105 stron\u0119 internetow\u0105 lub aplikacj\u0119 mobiln\u0105 chodzi oraz spos\u00f3b kontaktu. Je\u017celi osoba \u017c\u0105daj\u0105ca zg\u0142asza potrzeb\u0119 otrzymania informacji za pomoc\u0105 alternatywnego sposobu dost\u0119pu,, powinna tak\u017ce okre\u015bli\u0107 dogodny dla niej spos\u00f3b przedstawienia tej informacji. Podmiot publiczny powinien zrealizowa\u0107 \u017c\u0105danie niezw\u0142ocznie, nie p\u00f3\u017aniej ni\u017c w ci\u0105gu 7 dni od dnia wyst\u0105pienia z \u017c\u0105daniem. Je\u017celi dotrzymanie tego terminu nie jest mo\u017cliwe, podmiot publiczny niezw\u0142ocznie informuje o tym wnosz\u0105cego \u017c\u0105danie, kiedy realizacja \u017c\u0105dania b\u0119dzie mo\u017cliwa, przy czym termin ten nie mo\u017ce by\u0107 d\u0142u\u017cszy ni\u017c 2 miesi\u0105ce od dnia wyst\u0105pienia z \u017c\u0105daniem. Je\u017celi zapewnienie dost\u0119pno\u015bci cyfrowej nie jest mo\u017cliwe, podmiot publiczny mo\u017ce zaproponowa\u0107 alternatywny spos\u00f3b dost\u0119pu do informacji. W przypadku, gdy podmiot publiczny odm\u00f3wi realizacji \u017c\u0105dania zapewnienia dost\u0119pno\u015bci lub alternatywnego sposobu dost\u0119pu do informacji, wnosz\u0105cy \u017c\u0105danie mo\u017cne z\u0142o\u017cy\u0107 skarg\u0119 w sprawie zapewniana dost\u0119pno\u015bci cyfrowej strony internetowej, aplikacji mobilnej lub elementu strony internetowej, lub aplikacji mobilnej. Po wyczerpaniu wskazanej wy\u017cej procedury mo\u017cna tak\u017ce z\u0142o\u017cy\u0107 wniosek do Rzecznika Praw Obywatelskich.<\/p>\n\n\n\n<p>Link do strony internetowej <a href=\"https:\/\/www.rpo.gov.pl\/\" target=\"_blank\" rel=\"noreferrer noopener\">Rzecznika Praw Obywatelskich<\/a>.<\/p>\n\n\n\n<h3 class=\"wp-block-heading\">Dost\u0119pno\u015b\u0107 architektoniczna<\/h3>\n\n\n\n<p>Do budynk\u00f3w \u015awiatowego Centrum S\u0142uchu w Kajetanach mo\u017cna wej\u015b\u0107 korzystaj\u0105c z dw\u00f3ch wej\u015b\u0107 og\u00f3lnodost\u0119pnych (wej\u015bcie \u201eB\u201d od strony wschodniej i wej\u015bcie \u201eA\u201d od strony zachodniej.&nbsp; Wej\u015bcie \u201eB\u201d otwarte &nbsp;&nbsp; jest ca\u0142odobowo, wej\u015bcie \u201eA\u201d otwarte jest w godzinach 7-21. W wej\u015bciach budynku nie ma obszar\u00f3w kontroli.<\/p>\n\n\n\n<p>Korytarze, schody i windy w zale\u017cno\u015bci od ich lokalizacji w strefach &nbsp;budynku wymagaj\u0105 posiadania karty Kontroli Dost\u0119pu. Bez kart kontroli dost\u0119pu mo\u017cna porusza\u0107 si\u0119 po nast\u0119puj\u0105cych obszarach:<\/p>\n\n\n\n<ul class=\"wp-block-list\">\n<li>izbie przyj\u0119\u0107<\/li>\n\n\n\n<li>przychodni<\/li>\n\n\n\n<li>rejestracji<\/li>\n\n\n\n<li>holu g\u0142\u00f3wnym i restauracji<\/li>\n<\/ul>\n\n\n\n<p>Obydwa wej\u015bcia dostosowane s\u0105 do poruszania si\u0119 os\u00f3b niepe\u0142nosprawnych. Wej\u015bcie \u201eB\u201d umiejscowione jest na poziomie chodnik\u00f3w zewn\u0119trznych, do wej\u015bcia \u201eA\u201d niepe\u0142nosprawny dostanie si\u0119 za pomoc\u0105 dw\u00f3ch pochylni ( po lewej i prawej stronie wej\u015bcia). W budynkach znajduj\u0105 si\u0119 windy zapewniaj\u0105ce poruszanie si\u0119 niepe\u0142nosprawnych po poszczeg\u00f3lnych kondygnacjach budynku.<\/p>\n\n\n\n<p>Na terenie zewn\u0119trznym \u015awiatowego Centrum S\u0142uchu Instytutu &nbsp;&nbsp;&nbsp;&nbsp;&nbsp;&nbsp; Fizjologii i Patologii S\u0142uchu w Kajetanach wyznaczono 6 miejsc parkingowych dla niepe\u0142nosprawnych \u2013 4 na gara\u017cu wielopoziomowym, 2  od strony zachodniej w pobli\u017cu Portierni.<\/p>\n\n\n\n<p>Pacjenci korzystaj\u0105c z pomocy psa asystuj\u0105cego mog\u0105 porusza\u0107 si\u0119 po terenie zewn\u0119trznym \u015awiatowego Centrum S\u0142uchu bez ogranicze\u0144. Poruszanie si\u0119 z psem asystuj\u0105cym wewn\u0105trz budynk\u00f3w \u015awiatowego Centrum S\u0142uchu jest mo\u017cliwe bez ogranicze\u0144 po powierzchniach og\u00f3lnodost\u0119pnych;&nbsp;<\/p>\n\n\n\n<ul class=\"wp-block-list\">\n<li>izbie przyj\u0119\u0107<\/li>\n\n\n\n<li>rejestracji<\/li>\n\n\n\n<li>holu g\u0142\u00f3wnym i restauracji.<\/li>\n<\/ul>\n\n\n\n<p>Przebywanie psa asystuj\u0105cego na oddzia\u0142ach szpitalnych oraz na Bloku Operacyjnym jest niemo\u017cliwe.<\/p>\n\n\n\n<p>\u015awiatowe Centrum S\u0142uchu Instytutu Fizjologii i Patologii S\u0142uchu w Kajetanach, zapewnia mo\u017cliwo\u015b\u0107 korzystania z pomocy t\u0142umacza &nbsp;&nbsp;&nbsp;&nbsp; migowego, po uprzednim zg\u0142oszeniu takiej potrzeby.<\/p>\n\n\n\n<h3 class=\"wp-block-heading\" id=\"a11y-aplikacje\">Aplikacje mobilne<\/h3>\n\n\n\n<p>Brak aplikacji dedykowanej &#8211; mo\u017cliwo\u015b\u0107 korzystania ze strony dostosowanej do urz\u0105dze\u0144 mobilnych.<\/p>\n","protected":false},"excerpt":{"rendered":"<p>Instytut Fizjologii i Patologii S\u0142uchu &nbsp;zobowi\u0105zuje si\u0119 zapewni\u0107 dost\u0119pno\u015b\u0107 swojej strony internetowej zgodnie z ustaw\u0105 z dnia 4 kwietnia 2019 r. o dost\u0119pno\u015bci cyfrowej stron internetowych i aplikacji mobilnych podmiot\u00f3w publicznych. O\u015bwiadczenie w sprawie dost\u0119pno\u015bci ma zastosowanie do https:\/\/festiwal.ifps.org.pl\/ Data publikacji strony internetowej: 2015-02-22Data ostatniej istotnej aktualizacji: 2024-03-20 Strona internetowa jest cz\u0119\u015bciowo zgodna z ustaw\u0105 <\/p>\n","protected":false},"author":8,"featured_media":0,"parent":0,"menu_order":0,"comment_status":"closed","ping_status":"closed","template":"","meta":{"om_disable_all_campaigns":false,"footnotes":""},"class_list":["post-5622","page","type-page","status-publish","hentry"],"aioseo_notices":[],"_links":{"self":[{"href":"https:\/\/festiwal.ifps.org.pl\/en\/wp-json\/wp\/v2\/pages\/5622"}],"collection":[{"href":"https:\/\/festiwal.ifps.org.pl\/en\/wp-json\/wp\/v2\/pages"}],"about":[{"href":"https:\/\/festiwal.ifps.org.pl\/en\/wp-json\/wp\/v2\/types\/page"}],"author":[{"embeddable":true,"href":"https:\/\/festiwal.ifps.org.pl\/en\/wp-json\/wp\/v2\/users\/8"}],"replies":[{"embeddable":true,"href":"https:\/\/festiwal.ifps.org.pl\/en\/wp-json\/wp\/v2\/comments?post=5622"}],"version-history":[{"count":10,"href":"https:\/\/festiwal.ifps.org.pl\/en\/wp-json\/wp\/v2\/pages\/5622\/revisions"}],"predecessor-version":[{"id":6579,"href":"https:\/\/festiwal.ifps.org.pl\/en\/wp-json\/wp\/v2\/pages\/5622\/revisions\/6579"}],"wp:attachment":[{"href":"https:\/\/festiwal.ifps.org.pl\/en\/wp-json\/wp\/v2\/media?parent=5622"}],"curies":[{"name":"wp","href":"https:\/\/api.w.org\/{rel}","templated":true}]}}