{"id":6406,"date":"2023-08-18T14:12:16","date_gmt":"2023-08-18T12:12:16","guid":{"rendered":"https:\/\/festiwal.ifps.org.pl\/?page_id=6406"},"modified":"2023-08-18T15:01:39","modified_gmt":"2023-08-18T13:01:39","slug":"i-forum-edukacyjno-szkoleniowe","status":"publish","type":"page","link":"https:\/\/festiwal.ifps.org.pl\/en\/i-forum-edukacyjno-szkoleniowe\/","title":{"rendered":"I Forum edukacyjno &#8211; szkoleniowe"},"content":{"rendered":"\n<p>Serdecznie zapraszamy na I Forum edukacyjno &#8211; szkoleniowe &#8220;Dziecko z niedos\u0142uchem, zaimplantowane oraz korzystaj\u0105ce z aparat\u00f3w s\u0142uchowych w szkole i przedszkolu &#8211; rola nauczycieli, opiekun\u00f3w i edukator\u00f3w&#8221;. Forum to inicjatywa wsp\u00f3\u0142pracuj\u0105cej z Festiwalem Fundacji &#8220;S\u0142ysz\u0119&#8221;. <\/p>\n\n\n\n<p><strong>Forum uzyska\u0142o patronat Honorowy zar\u00f3wno Ministra Edukacji i Nauki jak i Minister Rodziny i Polityki Spo\u0142ecznej.<\/strong><\/p>\n\n\n\n<p>Dla dzieci przygotowane b\u0119d\u0105 r\u00f3wnie\u017c liczne atrakcje!<\/p>\n\n\n\n<p><a><\/a>ZAPISY: <a href=\"https:\/\/forms.gle\/KnN3s5kpzESNWQoV9?fbclid=IwAR1CQsMrje-H5zD04DqmgrwTQ7QxfdA_il75CeVcCj0ZRNPM2-uhtg0d2UY\" rel=\"noreferrer noopener\" target=\"_blank\">https:\/\/forms.gle\/KnN3s5kpzESNWQoV9<\/a><\/p>\n\n\n\n<p>Poni\u017cej przedstawiamy plan Forum, podczas kt\u00f3rego rozmawia\u0107 b\u0119dziemy o najwa\u017cniejszych kwestiach zwi\u0105zanych z funkcjonowaniem Dzieci w plac\u00f3wkach przedszkolnych i szkolnych:<\/p>\n\n\n\n<p>14:00-14:10 &#8211; uroczyste otwarcie Forum<\/p>\n\n\n\n<p>14:10-14:55: Panel 1: DZIECKO Z NIEDOS\u0141UCHEM W SZKOLE I PRZEDSZKOLU<\/p>\n\n\n\n<p>15:00- 15:45 Panel 2: WSP\u00d3\u0141PRACA RODZIC &#8211; NAUCZYCIEL<\/p>\n\n\n\n<p>15:50 &#8211; 16:35: Panel 3: WYZWANIA W FUNKCJONOWANIU W SZKOLE I PRZEDSZKOLU<\/p>\n\n\n\n<p>17:00-17: 45: Panel 4: ROLA INTEGRACJI W PRZESTRZENI EDUKACYJNEJ DLA DZIECKA Z NIEDOS\u0141UCHEM<\/p>\n\n\n\n<p><strong>Forum odb\u0119dzie si\u0119 26 sierpnia w Kajetanach.<\/strong><\/p>\n\n\n\n<p>Zapraszamy do \u015bledzenia profilu Fundacji: <a href=\"https:\/\/www.facebook.com\/FundacjaSlysze\">https:\/\/www.facebook.com\/FundacjaSlysze<\/a><\/p>\n\n\n\n<p><\/p>\n","protected":false},"excerpt":{"rendered":"<p>Serdecznie zapraszamy na I Forum edukacyjno &#8211; szkoleniowe &#8220;Dziecko z niedos\u0142uchem, zaimplantowane oraz korzystaj\u0105ce z aparat\u00f3w s\u0142uchowych w szkole i przedszkolu &#8211; rola nauczycieli, opiekun\u00f3w i edukator\u00f3w&#8221;. Forum to inicjatywa wsp\u00f3\u0142pracuj\u0105cej z Festiwalem Fundacji &#8220;S\u0142ysz\u0119&#8221;. Forum uzyska\u0142o patronat Honorowy zar\u00f3wno Ministra Edukacji i Nauki jak i Minister Rodziny i Polityki Spo\u0142ecznej. Dla dzieci przygotowane b\u0119d\u0105 <\/p>\n","protected":false},"author":8,"featured_media":0,"parent":0,"menu_order":0,"comment_status":"closed","ping_status":"closed","template":"","meta":{"om_disable_all_campaigns":false,"footnotes":""},"class_list":["post-6406","page","type-page","status-publish","hentry"],"aioseo_notices":[],"_links":{"self":[{"href":"https:\/\/festiwal.ifps.org.pl\/en\/wp-json\/wp\/v2\/pages\/6406"}],"collection":[{"href":"https:\/\/festiwal.ifps.org.pl\/en\/wp-json\/wp\/v2\/pages"}],"about":[{"href":"https:\/\/festiwal.ifps.org.pl\/en\/wp-json\/wp\/v2\/types\/page"}],"author":[{"embeddable":true,"href":"https:\/\/festiwal.ifps.org.pl\/en\/wp-json\/wp\/v2\/users\/8"}],"replies":[{"embeddable":true,"href":"https:\/\/festiwal.ifps.org.pl\/en\/wp-json\/wp\/v2\/comments?post=6406"}],"version-history":[{"count":2,"href":"https:\/\/festiwal.ifps.org.pl\/en\/wp-json\/wp\/v2\/pages\/6406\/revisions"}],"predecessor-version":[{"id":6441,"href":"https:\/\/festiwal.ifps.org.pl\/en\/wp-json\/wp\/v2\/pages\/6406\/revisions\/6441"}],"wp:attachment":[{"href":"https:\/\/festiwal.ifps.org.pl\/en\/wp-json\/wp\/v2\/media?parent=6406"}],"curies":[{"name":"wp","href":"https:\/\/api.w.org\/{rel}","templated":true}]}}